{"id":17749,"date":"2020-06-14T12:08:23","date_gmt":"2020-06-14T12:08:23","guid":{"rendered":"https:\/\/namnala.es\/about"},"modified":"2025-12-09T13:55:46","modified_gmt":"2025-12-09T13:55:46","slug":"about","status":"publish","type":"page","link":"https:\/\/namnala.es\/en\/about","title":{"rendered":"About"},"content":{"rendered":"\n\t<section id=\"contentboxes-mb-block-6ee252ac-4e8b-4b21-982e-16e223944b46\" class=\"section section-contentboxes  alignfull \">\n\n\t\t<div class=\"contentboxes-wrap none\"  >\n\t\t\t\t\t<div class=\"contentboxes-masonry \">\n\n\t\t\t\t<div class=\"grid-sizer-contentboxes\"><\/div>\n\n\t\t\t\t\n\t\t\t\t<div class=\"content-box-12591 contentboxes-image-wrap bg-image half-width square mobile-uncropped   content-dark no-vertical-text no-content cb-mobile-content-leave cb-mobile-content-vertical-leave    \"  data-aos=\"fade-up\" data-aos-delay=\"100\"   style=\"order:1\"  >\n\n\t\t\t\t\t<div class=\"contentboxes-image-wrap-inner\">\n\n\t\t\t\t\t\n\t\t\t\t\t\t<div class=\"contentboxes-zoom-wrap \">\n\t\t\t\t\t\t\n\t\t\t\t\t\t\t\t\t\t\t\t\t<div class=\"contentboxbgimage\" style=\"background-image: url(https:\/\/namnala.es\/wp-content\/uploads\/2023\/08\/Captura-de-pantalla-2023-08-02-a-las-20.40.31-1600x1600.jpg);\"><\/div> \n\t\t\t\t\t\t\t\t\t\t\t\t<div class=\"contentbox-overlay   gradient-contentboxes-content-middle\" >\n\t\t\t\t\t\t\n\t\t\t\t\t\t\t<div class=\"contentboxes-content-wrap centered-content contentboxes-content-center contentboxes-content-middle\"  >\n\n\t\t\t\t\t\t\t\t\n\t\t\t\t\t\t\t\t\t\t\t\t\t\t<\/div>\n\t\t\t\t\t\t\t\t\t\t\t\t\t\n\t\t\t\t\t\t<\/div>\n\t\t\t\t\t<\/div>\n\t\t\t\t\t<\/div>\n\n\t\t\t\t\t\t   \t \n\t\t\t\t<\/div>\n\t\t\t\t\t\n\t\t\t\n\t\t\t\t<div class=\"content-box- contentboxes-image-wrap bg-image half-width square mobile-half-height    has-vertical-text has-content cb-mobile-content-center cb-mobile-content-vertical-leave    \"  data-aos=\"fade-up\" data-aos-delay=\"200\"   >\n\n\t\t\t\t\t<div class=\"contentboxes-image-wrap-inner\">\n\n\t\t\t\t\t\n\t\t\t\t\t\t<div class=\"contentboxes-zoom-wrap \">\n\t\t\t\t\t\t\n\t\t\t\t\t\t\n\t\t\t\t\t\t\t\t\t\t\t\t<div class=\"contentbox-overlay   gradient-contentboxes-content-middle\" >\n\t\t\t\t\t\t\n\t\t\t\t\t\t\t<div class=\"contentboxes-content-wrap centered-content contentboxes-content-center contentboxes-content-middle\"  >\n\n\t\t\t\t\t\t\t\t\t\t\t\t\t\t\t\t<div class=\"contentboxes-content section-content\">\n\t\t\t\t\t\t\t\t\t\t\t\t\t\t\t\t\t\t\t<span class=\"contentboxes-vertical vertical-text use-body-font\">Laura Olivares<\/span>\n\t\t\t\t\t\t\t\t\t\t\t\t\t\t\t\t\t\t\t\t\t\t\t\t\t\t\t\t\t\t\t\t\t\t                \t<h2  class=\"contentboxes-content-item contentboxes-title\"  data-aos=\"slide-up\"  >Sobre m\u00ed<\/h2>\n\t\t\t\t\t\t\t                \t\t\t\t\t\t\t                \t\t\t\t\t\t\t                \t\t\t\t\t\t\t                \t<div class=\"contentboxes-content-item contentboxes-text\"  data-aos=\"fade-right\" data-aos-delay=\"340\"  >Hace a\u00f1os que dise\u00f1o ropa pero las ganas de crear productos m\u00e1s artesanales y que dependieran al 100% de m\u00ed me trajo hasta aqu\u00ed. Me encanta la moda pero soy consciente de que es la segunda industria m\u00e1s contaminante, as\u00ed que decid\u00ed apostar por un producto m\u00e1s artesanal, con bajo impacto medioambiental, pensado para que dure y utilices toda la vida. Prendas atemporales, hechas a mano, que no siguen modas ni tendencias, solo mi instinto y la idea constante de conseguir que consumamos menos y utilicemos M\u00c1S.<br><br>Nam:Nala significa \u201cte extra\u00f1o\u201d en Senegal. <br>Mi amado Senegal. Yo extra\u00f1aba prendas as\u00ed. Prendas artesanales y \u00fanicas  en tejidos naturales. De las que se hacen a fuego lento, con respeto, tiempo y coraz\u00f3n.<\/div>\n\t\t\t\t\t\t\t                \t\t\t\t\t\t\t                \t\t\t\t\t\t        \t<\/div>\n\t\t\t\t\t\t        \t\n\t\t\t\t\t\t\t\t\t\t\t\t\t\t<\/div>\n\t\t\t\t\t\t\t\t\t\t\t\t\t\n\t\t\t\t\t\t<\/div>\n\t\t\t\t\t<\/div>\n\t\t\t\t\t<\/div>\n\n\t\t\t\t\t\t   \t \n\t\t\t\t<\/div>\n\t\t\t\t\t\n\t\t\t\t\t\t<\/div>\n\t\t\t\t<\/div>\n\n\t<\/section> \n\n\n\n\n<div style=\"height:6px\" aria-hidden=\"true\" class=\"wp-block-spacer\"><\/div>\n\n\n\n<figure class=\"wp-block-gallery has-nested-images columns-default is-cropped wp-block-gallery-1 is-layout-flex wp-block-gallery-is-layout-flex\">\n<figure class=\"wp-block-image size-full\"><img loading=\"lazy\" decoding=\"async\" width=\"800\" height=\"804\" data-id=\"12925\" src=\"https:\/\/namnala.es\/wp-content\/uploads\/2023\/08\/Namnala_about_7.jpg\" alt=\"\" class=\"wp-image-12925\" srcset=\"https:\/\/namnala.es\/wp-content\/uploads\/2023\/08\/Namnala_about_7.jpg 800w, https:\/\/namnala.es\/wp-content\/uploads\/2023\/08\/Namnala_about_7-100x101.jpg 100w, https:\/\/namnala.es\/wp-content\/uploads\/2023\/08\/Namnala_about_7-600x603.jpg 600w, https:\/\/namnala.es\/wp-content\/uploads\/2023\/08\/Namnala_about_7-560x563.jpg 560w, https:\/\/namnala.es\/wp-content\/uploads\/2023\/08\/Namnala_about_7-250x250.jpg 250w, https:\/\/namnala.es\/wp-content\/uploads\/2023\/08\/Namnala_about_7-120x120.jpg 120w\" sizes=\"auto, (max-width: 800px) 100vw, 800px\" \/><\/figure>\n\n\n\n<figure class=\"wp-block-image size-full\"><img loading=\"lazy\" decoding=\"async\" width=\"800\" height=\"1003\" data-id=\"12923\" src=\"https:\/\/namnala.es\/wp-content\/uploads\/2023\/08\/Namnala_about_1.jpg\" alt=\"\" class=\"wp-image-12923\" srcset=\"https:\/\/namnala.es\/wp-content\/uploads\/2023\/08\/Namnala_about_1.jpg 800w, https:\/\/namnala.es\/wp-content\/uploads\/2023\/08\/Namnala_about_1-600x752.jpg 600w, https:\/\/namnala.es\/wp-content\/uploads\/2023\/08\/Namnala_about_1-100x125.jpg 100w, https:\/\/namnala.es\/wp-content\/uploads\/2023\/08\/Namnala_about_1-560x702.jpg 560w\" sizes=\"auto, (max-width: 800px) 100vw, 800px\" \/><\/figure>\n\n\n\n<figure class=\"wp-block-image size-full\"><img loading=\"lazy\" decoding=\"async\" width=\"800\" height=\"1000\" data-id=\"12929\" src=\"https:\/\/namnala.es\/wp-content\/uploads\/2023\/08\/Namnala_about_3.jpg\" alt=\"\" class=\"wp-image-12929\" srcset=\"https:\/\/namnala.es\/wp-content\/uploads\/2023\/08\/Namnala_about_3.jpg 800w, https:\/\/namnala.es\/wp-content\/uploads\/2023\/08\/Namnala_about_3-600x750.jpg 600w, https:\/\/namnala.es\/wp-content\/uploads\/2023\/08\/Namnala_about_3-100x125.jpg 100w, https:\/\/namnala.es\/wp-content\/uploads\/2023\/08\/Namnala_about_3-560x700.jpg 560w\" sizes=\"auto, (max-width: 800px) 100vw, 800px\" \/><\/figure>\n\n\n\n<figure class=\"wp-block-image size-full\"><img loading=\"lazy\" decoding=\"async\" width=\"800\" height=\"1002\" data-id=\"12587\" src=\"https:\/\/namnala.es\/wp-content\/uploads\/2023\/08\/Captura-de-pantalla-2023-07-31-a-las-13.22.54.jpg\" alt=\"\" class=\"wp-image-12587\" srcset=\"https:\/\/namnala.es\/wp-content\/uploads\/2023\/08\/Captura-de-pantalla-2023-07-31-a-las-13.22.54.jpg 800w, https:\/\/namnala.es\/wp-content\/uploads\/2023\/08\/Captura-de-pantalla-2023-07-31-a-las-13.22.54-600x752.jpg 600w, https:\/\/namnala.es\/wp-content\/uploads\/2023\/08\/Captura-de-pantalla-2023-07-31-a-las-13.22.54-560x701.jpg 560w\" sizes=\"auto, (max-width: 800px) 100vw, 800px\" \/><\/figure>\n\n\n\n<figure class=\"wp-block-image size-full\"><img loading=\"lazy\" decoding=\"async\" width=\"800\" height=\"947\" data-id=\"12586\" src=\"https:\/\/namnala.es\/wp-content\/uploads\/2023\/08\/Captura-de-pantalla-2023-08-02-a-las-20.38.55.jpg\" alt=\"\" class=\"wp-image-12586\" srcset=\"https:\/\/namnala.es\/wp-content\/uploads\/2023\/08\/Captura-de-pantalla-2023-08-02-a-las-20.38.55.jpg 800w, https:\/\/namnala.es\/wp-content\/uploads\/2023\/08\/Captura-de-pantalla-2023-08-02-a-las-20.38.55-600x710.jpg 600w, https:\/\/namnala.es\/wp-content\/uploads\/2023\/08\/Captura-de-pantalla-2023-08-02-a-las-20.38.55-560x663.jpg 560w\" sizes=\"auto, (max-width: 800px) 100vw, 800px\" \/><\/figure>\n\n\n\n<figure class=\"wp-block-image size-full\"><img loading=\"lazy\" decoding=\"async\" width=\"800\" height=\"803\" data-id=\"12928\" src=\"https:\/\/namnala.es\/wp-content\/uploads\/2023\/08\/Namnala_about_5.jpg\" alt=\"\" class=\"wp-image-12928\" srcset=\"https:\/\/namnala.es\/wp-content\/uploads\/2023\/08\/Namnala_about_5.jpg 800w, https:\/\/namnala.es\/wp-content\/uploads\/2023\/08\/Namnala_about_5-100x100.jpg 100w, https:\/\/namnala.es\/wp-content\/uploads\/2023\/08\/Namnala_about_5-600x602.jpg 600w, https:\/\/namnala.es\/wp-content\/uploads\/2023\/08\/Namnala_about_5-560x562.jpg 560w, https:\/\/namnala.es\/wp-content\/uploads\/2023\/08\/Namnala_about_5-250x250.jpg 250w, https:\/\/namnala.es\/wp-content\/uploads\/2023\/08\/Namnala_about_5-120x120.jpg 120w\" sizes=\"auto, (max-width: 800px) 100vw, 800px\" \/><\/figure>\n\n\n\n<figure class=\"wp-block-image size-full\"><img loading=\"lazy\" decoding=\"async\" width=\"800\" height=\"1023\" data-id=\"12934\" src=\"https:\/\/namnala.es\/wp-content\/uploads\/2023\/08\/Namnala_about_13.jpg\" alt=\"\" class=\"wp-image-12934\" srcset=\"https:\/\/namnala.es\/wp-content\/uploads\/2023\/08\/Namnala_about_13.jpg 800w, https:\/\/namnala.es\/wp-content\/uploads\/2023\/08\/Namnala_about_13-600x767.jpg 600w, https:\/\/namnala.es\/wp-content\/uploads\/2023\/08\/Namnala_about_13-100x128.jpg 100w, https:\/\/namnala.es\/wp-content\/uploads\/2023\/08\/Namnala_about_13-560x716.jpg 560w\" sizes=\"auto, (max-width: 800px) 100vw, 800px\" \/><\/figure>\n\n\n\n<figure class=\"wp-block-image size-full\"><img loading=\"lazy\" decoding=\"async\" width=\"1603\" height=\"1202\" data-id=\"12944\" src=\"https:\/\/namnala.es\/wp-content\/uploads\/2023\/08\/Namnala_about_15.jpg\" alt=\"\" class=\"wp-image-12944\" srcset=\"https:\/\/namnala.es\/wp-content\/uploads\/2023\/08\/Namnala_about_15.jpg 1603w, https:\/\/namnala.es\/wp-content\/uploads\/2023\/08\/Namnala_about_15-600x450.jpg 600w, https:\/\/namnala.es\/wp-content\/uploads\/2023\/08\/Namnala_about_15-800x600.jpg 800w, https:\/\/namnala.es\/wp-content\/uploads\/2023\/08\/Namnala_about_15-100x75.jpg 100w, https:\/\/namnala.es\/wp-content\/uploads\/2023\/08\/Namnala_about_15-1536x1152.jpg 1536w, https:\/\/namnala.es\/wp-content\/uploads\/2023\/08\/Namnala_about_15-1600x1200.jpg 1600w, https:\/\/namnala.es\/wp-content\/uploads\/2023\/08\/Namnala_about_15-1200x900.jpg 1200w, https:\/\/namnala.es\/wp-content\/uploads\/2023\/08\/Namnala_about_15-560x420.jpg 560w, https:\/\/namnala.es\/wp-content\/uploads\/2023\/08\/Namnala_about_15-120x90.jpg 120w\" sizes=\"auto, (max-width: 1603px) 100vw, 1603px\" \/><\/figure>\n\n\n\n<figure class=\"wp-block-image size-full\"><img loading=\"lazy\" decoding=\"async\" width=\"800\" height=\"1003\" data-id=\"12942\" src=\"https:\/\/namnala.es\/wp-content\/uploads\/2023\/08\/Namnala_about_14.jpg\" alt=\"\" class=\"wp-image-12942\" srcset=\"https:\/\/namnala.es\/wp-content\/uploads\/2023\/08\/Namnala_about_14.jpg 800w, https:\/\/namnala.es\/wp-content\/uploads\/2023\/08\/Namnala_about_14-600x752.jpg 600w, https:\/\/namnala.es\/wp-content\/uploads\/2023\/08\/Namnala_about_14-100x125.jpg 100w, https:\/\/namnala.es\/wp-content\/uploads\/2023\/08\/Namnala_about_14-560x702.jpg 560w\" sizes=\"auto, (max-width: 800px) 100vw, 800px\" \/><\/figure>\n\n\n\n<figure class=\"wp-block-image size-full\"><img loading=\"lazy\" decoding=\"async\" width=\"800\" height=\"606\" data-id=\"12933\" src=\"https:\/\/namnala.es\/wp-content\/uploads\/2023\/08\/Namnala_about_12.jpg\" alt=\"\" class=\"wp-image-12933\" srcset=\"https:\/\/namnala.es\/wp-content\/uploads\/2023\/08\/Namnala_about_12.jpg 800w, https:\/\/namnala.es\/wp-content\/uploads\/2023\/08\/Namnala_about_12-600x455.jpg 600w, https:\/\/namnala.es\/wp-content\/uploads\/2023\/08\/Namnala_about_12-100x76.jpg 100w, https:\/\/namnala.es\/wp-content\/uploads\/2023\/08\/Namnala_about_12-560x424.jpg 560w, https:\/\/namnala.es\/wp-content\/uploads\/2023\/08\/Namnala_about_12-120x90.jpg 120w\" sizes=\"auto, (max-width: 800px) 100vw, 800px\" \/><\/figure>\n\n\n\n<figure class=\"wp-block-image size-full\"><img loading=\"lazy\" decoding=\"async\" width=\"800\" height=\"788\" data-id=\"12932\" src=\"https:\/\/namnala.es\/wp-content\/uploads\/2023\/08\/Namnala_about_11.jpg\" alt=\"\" class=\"wp-image-12932\" srcset=\"https:\/\/namnala.es\/wp-content\/uploads\/2023\/08\/Namnala_about_11.jpg 800w, https:\/\/namnala.es\/wp-content\/uploads\/2023\/08\/Namnala_about_11-100x99.jpg 100w, https:\/\/namnala.es\/wp-content\/uploads\/2023\/08\/Namnala_about_11-600x591.jpg 600w, https:\/\/namnala.es\/wp-content\/uploads\/2023\/08\/Namnala_about_11-560x552.jpg 560w\" sizes=\"auto, (max-width: 800px) 100vw, 800px\" \/><\/figure>\n<\/figure>\n","protected":false},"excerpt":{"rendered":"","protected":false},"author":1,"featured_media":0,"parent":0,"menu_order":2,"comment_status":"closed","ping_status":"closed","template":"","meta":{"_mo_disable_npp":"","jetpack_post_was_ever_published":false,"footnotes":""},"class_list":["post-17749","page","type-page","status-publish","hentry"],"aioseo_notices":[],"jetpack_sharing_enabled":true,"_links":{"self":[{"href":"https:\/\/namnala.es\/en\/wp-json\/wp\/v2\/pages\/17749","targetHints":{"allow":["GET"]}}],"collection":[{"href":"https:\/\/namnala.es\/en\/wp-json\/wp\/v2\/pages"}],"about":[{"href":"https:\/\/namnala.es\/en\/wp-json\/wp\/v2\/types\/page"}],"author":[{"embeddable":true,"href":"https:\/\/namnala.es\/en\/wp-json\/wp\/v2\/users\/1"}],"replies":[{"embeddable":true,"href":"https:\/\/namnala.es\/en\/wp-json\/wp\/v2\/comments?post=17749"}],"version-history":[{"count":6,"href":"https:\/\/namnala.es\/en\/wp-json\/wp\/v2\/pages\/17749\/revisions"}],"predecessor-version":[{"id":21495,"href":"https:\/\/namnala.es\/en\/wp-json\/wp\/v2\/pages\/17749\/revisions\/21495"}],"wp:attachment":[{"href":"https:\/\/namnala.es\/en\/wp-json\/wp\/v2\/media?parent=17749"}],"curies":[{"name":"wp","href":"https:\/\/api.w.org\/{rel}","templated":true}]}}